{"id":6353,"date":"2026-04-09T17:34:31","date_gmt":"2026-04-09T21:34:31","guid":{"rendered":"https:\/\/www.vkderma.ca\/exclusive-offers\/"},"modified":"2026-04-09T18:19:13","modified_gmt":"2026-04-09T22:19:13","slug":"exclusive-offers","status":"publish","type":"page","link":"https:\/\/www.vkderma.ca\/en\/exclusive-offers\/","title":{"rendered":"Exclusive Offers"},"content":{"rendered":"\t\t<div data-elementor-type=\"wp-page\" data-elementor-id=\"6353\" class=\"elementor elementor-6353 elementor-6336\" data-elementor-post-type=\"page\">\n\t\t\t\t<div class=\"elementor-element elementor-element-2e83deec e-flex e-con-boxed e-con e-parent\" data-id=\"2e83deec\" data-element_type=\"container\" data-e-type=\"container\" data-settings=\"{&quot;background_background&quot;:&quot;classic&quot;}\">\n\t\t\t\t\t<div class=\"e-con-inner\">\n\t\t\t\t<div class=\"elementor-element elementor-element-58c2ebe0 elementor-widget elementor-widget-heading\" data-id=\"58c2ebe0\" data-element_type=\"widget\" data-e-type=\"widget\" data-widget_type=\"heading.default\">\n\t\t\t\t<div class=\"elementor-widget-container\">\n\t\t\t\t\t<h1 class=\"elementor-heading-title elementor-size-default\">Exclusive Offers<\/h1>\t\t\t\t<\/div>\n\t\t\t\t<\/div>\n\t\t\t\t<div class=\"elementor-element elementor-element-736f3b4 elementor-align-center elementor-widget elementor-widget-button\" data-id=\"736f3b4\" data-element_type=\"widget\" data-e-type=\"widget\" data-widget_type=\"button.default\">\n\t\t\t\t<div class=\"elementor-widget-container\">\n\t\t\t\t\t\t\t\t\t<div class=\"elementor-button-wrapper\">\n\t\t\t\t\t<a class=\"elementor-button elementor-button-link elementor-size-sm\" href=\"https:\/\/www.vkderma.ca\/en\/contact-2\/\">\n\t\t\t\t\t\t<span class=\"elementor-button-content-wrapper\">\n\t\t\t\t\t\t\t\t\t<span class=\"elementor-button-text\">Book an appointment<\/span>\n\t\t\t\t\t<\/span>\n\t\t\t\t\t<\/a>\n\t\t\t\t<\/div>\n\t\t\t\t\t\t\t\t<\/div>\n\t\t\t\t<\/div>\n\t\t\t\t\t<\/div>\n\t\t\t\t<\/div>\n\t\t<div class=\"elementor-element elementor-element-be24496 e-flex e-con-boxed e-con e-parent\" data-id=\"be24496\" data-element_type=\"container\" data-e-type=\"container\">\n\t\t\t\t\t<div class=\"e-con-inner\">\n\t\t\t\t<div class=\"elementor-element elementor-element-3266028 elementor-widget elementor-widget-heading\" data-id=\"3266028\" data-element_type=\"widget\" data-e-type=\"widget\" data-widget_type=\"heading.default\">\n\t\t\t\t<div class=\"elementor-widget-container\">\n\t\t\t\t\t<h2 class=\"elementor-heading-title elementor-size-default\">Exclusive Offers | Medical Aesthetics Saint-Sauveur<\/h2>\t\t\t\t<\/div>\n\t\t\t\t<\/div>\n\t\t\t\t<div class=\"elementor-element elementor-element-9a91095 elementor-widget elementor-widget-text-editor\" data-id=\"9a91095\" data-element_type=\"widget\" data-e-type=\"widget\" data-widget_type=\"text-editor.default\">\n\t\t\t\t<div class=\"elementor-widget-container\">\n\t\t\t\t\t\t\t\t\t<p data-start=\"169\" data-end=\"499\">Discover our medical aesthetics promotions in Saint-Sauveur, in the Laurentians, and take advantage of exclusive offers on our treatments and advanced technologies. At VK Derma, we prioritize a personalized approach, guided by a qualified team, to help you achieve natural, safe results tailored to your goals. <\/p><p data-start=\"501\" data-end=\"761\">Whether you\u2019re looking to enhance your silhouette through body contouring, improve your skin, or plan injectable treatments, our offers are designed to make high-quality care more accessible\u2014without compromising on medical standards.<\/p><p data-start=\"763\" data-end=\"978\">Located in the Laurentians, our clinic stands out for its comprehensive approach, professional evaluations, and transparent recommendations\u2014so every decision can be made with complete confidence.<\/p>\t\t\t\t\t\t\t\t<\/div>\n\t\t\t\t<\/div>\n\t\t\t\t\t<\/div>\n\t\t\t\t<\/div>\n\t\t<div class=\"elementor-element elementor-element-c4ae6d8 e-con-full e-flex e-con e-parent\" data-id=\"c4ae6d8\" data-element_type=\"container\" data-e-type=\"container\" data-settings=\"{&quot;background_background&quot;:&quot;classic&quot;}\">\n\t\t<div class=\"elementor-element elementor-element-b1d93fc e-con-full e-flex e-con e-child\" data-id=\"b1d93fc\" data-element_type=\"container\" data-e-type=\"container\">\n\t\t\t\t<div class=\"elementor-element elementor-element-1194794 elementor-widget elementor-widget-heading\" data-id=\"1194794\" data-element_type=\"widget\" data-e-type=\"widget\" data-widget_type=\"heading.default\">\n\t\t\t\t<div class=\"elementor-widget-container\">\n\t\t\t\t\t<h3 class=\"elementor-heading-title elementor-size-default\">Free Body Contouring Consultation<\/h3>\t\t\t\t<\/div>\n\t\t\t\t<\/div>\n\t\t\t\t<div class=\"elementor-element elementor-element-a0ffac0 elementor-widget elementor-widget-text-editor\" data-id=\"a0ffac0\" data-element_type=\"widget\" data-e-type=\"widget\" data-widget_type=\"text-editor.default\">\n\t\t\t\t<div class=\"elementor-widget-container\">\n\t\t\t\t\t\t\t\t\t<p data-start=\"172\" data-end=\"513\">Take advantage of a free consultation with Audrey Painchaud to explore the possibilities of body contouring. Whether your goal is to refine specific areas, improve muscle tone, or simply better understand the technologies available, we take the time to guide you with a personalized and transparent approach. <\/p>\n<p data-start=\"515\" data-end=\"550\"><strong data-start=\"515\" data-end=\"550\">Offer valid until April 30.<\/strong><\/p>\n<p data-start=\"515\" data-end=\"550\"><strong data-start=\"515\" data-end=\"550\">Promo Code: CONSULTAUDREY<\/strong><\/p>\t\t\t\t\t\t\t\t<\/div>\n\t\t\t\t<\/div>\n\t\t\t\t<div class=\"elementor-element elementor-element-93c62e4 elementor-tablet-align-center elementor-mobile-align-center elementor-widget elementor-widget-button\" data-id=\"93c62e4\" data-element_type=\"widget\" data-e-type=\"widget\" data-widget_type=\"button.default\">\n\t\t\t\t<div class=\"elementor-widget-container\">\n\t\t\t\t\t\t\t\t\t<div class=\"elementor-button-wrapper\">\n\t\t\t\t\t<a class=\"elementor-button elementor-button-link elementor-size-sm\" href=\"https:\/\/www.vkderma.ca\/remodelage-corporel\/\">\n\t\t\t\t\t\t<span class=\"elementor-button-content-wrapper\">\n\t\t\t\t\t\t\t\t\t<span class=\"elementor-button-text\">Learn more<\/span>\n\t\t\t\t\t<\/span>\n\t\t\t\t\t<\/a>\n\t\t\t\t<\/div>\n\t\t\t\t\t\t\t\t<\/div>\n\t\t\t\t<\/div>\n\t\t\t\t<div class=\"elementor-element elementor-element-10b032d elementor-tablet-align-center elementor-mobile-align-center elementor-widget elementor-widget-button\" data-id=\"10b032d\" data-element_type=\"widget\" data-e-type=\"widget\" data-widget_type=\"button.default\">\n\t\t\t\t<div class=\"elementor-widget-container\">\n\t\t\t\t\t\t\t\t\t<div class=\"elementor-button-wrapper\">\n\t\t\t\t\t<a class=\"elementor-button elementor-button-link elementor-size-sm\" href=\"https:\/\/www.vkderma.ca\/en\/contact-2\/\">\n\t\t\t\t\t\t<span class=\"elementor-button-content-wrapper\">\n\t\t\t\t\t\t\t\t\t<span class=\"elementor-button-text\">Book an appointment<\/span>\n\t\t\t\t\t<\/span>\n\t\t\t\t\t<\/a>\n\t\t\t\t<\/div>\n\t\t\t\t\t\t\t\t<\/div>\n\t\t\t\t<\/div>\n\t\t\t\t<\/div>\n\t\t<div class=\"elementor-element elementor-element-5533147 e-con-full e-flex e-con e-child\" data-id=\"5533147\" data-element_type=\"container\" data-e-type=\"container\">\n\t\t\t\t<div class=\"elementor-element elementor-element-06fec5f elementor-widget elementor-widget-image\" data-id=\"06fec5f\" data-element_type=\"widget\" data-e-type=\"widget\" data-widget_type=\"image.default\">\n\t\t\t\t<div class=\"elementor-widget-container\">\n\t\t\t\t\t\t\t\t\t\t\t\t\t\t\t<img fetchpriority=\"high\" decoding=\"async\" width=\"800\" height=\"800\" src=\"https:\/\/www.vkderma.ca\/wp-content\/uploads\/2026\/04\/Promo-Remodelage-Corporel.jpg\" class=\"attachment-large size-large wp-image-6343\" alt=\"\" srcset=\"https:\/\/www.vkderma.ca\/wp-content\/uploads\/2026\/04\/Promo-Remodelage-Corporel.jpg 1000w, https:\/\/www.vkderma.ca\/wp-content\/uploads\/2026\/04\/Promo-Remodelage-Corporel-300x300.jpg 300w, https:\/\/www.vkderma.ca\/wp-content\/uploads\/2026\/04\/Promo-Remodelage-Corporel-150x150.jpg 150w, https:\/\/www.vkderma.ca\/wp-content\/uploads\/2026\/04\/Promo-Remodelage-Corporel-768x768.jpg 768w, https:\/\/www.vkderma.ca\/wp-content\/uploads\/2026\/04\/Promo-Remodelage-Corporel-100x100.jpg 100w, https:\/\/www.vkderma.ca\/wp-content\/uploads\/2026\/04\/Promo-Remodelage-Corporel-600x600.jpg 600w\" sizes=\"(max-width: 800px) 100vw, 800px\" \/>\t\t\t\t\t\t\t\t\t\t\t\t\t\t\t<\/div>\n\t\t\t\t<\/div>\n\t\t\t\t<\/div>\n\t\t\t\t<\/div>\n\t\t<div class=\"elementor-element elementor-element-5257b1e e-con-full e-flex e-con e-parent\" data-id=\"5257b1e\" data-element_type=\"container\" data-e-type=\"container\" data-settings=\"{&quot;background_background&quot;:&quot;classic&quot;}\">\n\t\t<div class=\"elementor-element elementor-element-057a6d0 e-con-full e-flex e-con e-child\" data-id=\"057a6d0\" data-element_type=\"container\" data-e-type=\"container\">\n\t\t\t\t<div class=\"elementor-element elementor-element-203ed0e elementor-widget elementor-widget-image\" data-id=\"203ed0e\" data-element_type=\"widget\" data-e-type=\"widget\" data-widget_type=\"image.default\">\n\t\t\t\t<div class=\"elementor-widget-container\">\n\t\t\t\t\t\t\t\t\t\t\t\t\t\t\t<img decoding=\"async\" width=\"800\" height=\"800\" src=\"https:\/\/www.vkderma.ca\/wp-content\/uploads\/2026\/04\/Promo-Injectables.jpg\" class=\"attachment-large size-large wp-image-6341\" alt=\"\" srcset=\"https:\/\/www.vkderma.ca\/wp-content\/uploads\/2026\/04\/Promo-Injectables.jpg 1000w, https:\/\/www.vkderma.ca\/wp-content\/uploads\/2026\/04\/Promo-Injectables-300x300.jpg 300w, https:\/\/www.vkderma.ca\/wp-content\/uploads\/2026\/04\/Promo-Injectables-150x150.jpg 150w, https:\/\/www.vkderma.ca\/wp-content\/uploads\/2026\/04\/Promo-Injectables-768x768.jpg 768w, https:\/\/www.vkderma.ca\/wp-content\/uploads\/2026\/04\/Promo-Injectables-100x100.jpg 100w, https:\/\/www.vkderma.ca\/wp-content\/uploads\/2026\/04\/Promo-Injectables-600x600.jpg 600w\" sizes=\"(max-width: 800px) 100vw, 800px\" \/>\t\t\t\t\t\t\t\t\t\t\t\t\t\t\t<\/div>\n\t\t\t\t<\/div>\n\t\t\t\t<\/div>\n\t\t<div class=\"elementor-element elementor-element-3140bc2 e-con-full e-flex e-con e-child\" data-id=\"3140bc2\" data-element_type=\"container\" data-e-type=\"container\">\n\t\t\t\t<div class=\"elementor-element elementor-element-3e431a5 elementor-widget elementor-widget-heading\" data-id=\"3e431a5\" data-element_type=\"widget\" data-e-type=\"widget\" data-widget_type=\"heading.default\">\n\t\t\t\t<div class=\"elementor-widget-container\">\n\t\t\t\t\t<h3 class=\"elementor-heading-title elementor-size-default\">Anniversary Offer \u2013 Receive a $150 Gift Card<\/h3>\t\t\t\t<\/div>\n\t\t\t\t<\/div>\n\t\t\t\t<div class=\"elementor-element elementor-element-d522fff elementor-widget elementor-widget-text-editor\" data-id=\"d522fff\" data-element_type=\"widget\" data-e-type=\"widget\" data-widget_type=\"text-editor.default\">\n\t\t\t\t<div class=\"elementor-widget-container\">\n\t\t\t\t\t\t\t\t\t<p data-start=\"267\" data-end=\"374\">To celebrate our owners\u2019 anniversary, enjoy an exclusive offer on our injectable treatments.<\/p><p data-start=\"376\" data-end=\"569\">Receive a <strong data-start=\"388\" data-end=\"413\">$150 gift card <\/strong>with the purchase of <strong data-start=\"448\" data-end=\"465\">$500 or more<\/strong> in injectable treatments\u2014a great way to extend your results or plan a complementary treatment based on your needs.<\/p><p data-start=\"571\" data-end=\"819\">Treatments are performed by our <strong data-start=\"599\" data-end=\"657\">nurse injectors, Karine and Marie-Madeleine<\/strong>, known for their meticulous, natural, and personalized approach. Each appointment is designed to deliver harmonious results\u2014so you can feel confident every step of the way. <\/p><p data-start=\"821\" data-end=\"941\">The gift card is applicable toward a future treatment and cannot be used at the initial injection appointment.<\/p><p data-start=\"943\" data-end=\"1069\"><strong data-start=\"943\" data-end=\"1069\">Appointment requests must be made by May 15, but the treatment may take place at a later date.<\/strong><\/p><p data-start=\"980\" data-end=\"1013\"><strong>Promo code: HAPPYBIRTHDAY<\/strong><\/p>\t\t\t\t\t\t\t\t<\/div>\n\t\t\t\t<\/div>\n\t\t\t\t<div class=\"elementor-element elementor-element-ad47d64 elementor-mobile-align-center elementor-tablet-align-center elementor-widget elementor-widget-button\" data-id=\"ad47d64\" data-element_type=\"widget\" data-e-type=\"widget\" data-widget_type=\"button.default\">\n\t\t\t\t<div class=\"elementor-widget-container\">\n\t\t\t\t\t\t\t\t\t<div class=\"elementor-button-wrapper\">\n\t\t\t\t\t<a class=\"elementor-button elementor-button-link elementor-size-sm\" href=\"https:\/\/www.vkderma.ca\/en\/contact-2\/\" target=\"_blank\">\n\t\t\t\t\t\t<span class=\"elementor-button-content-wrapper\">\n\t\t\t\t\t\t\t\t\t<span class=\"elementor-button-text\">Book an Appointment<\/span>\n\t\t\t\t\t<\/span>\n\t\t\t\t\t<\/a>\n\t\t\t\t<\/div>\n\t\t\t\t\t\t\t\t<\/div>\n\t\t\t\t<\/div>\n\t\t\t\t<\/div>\n\t\t\t\t<\/div>\n\t\t\t\t<\/div>\n\t\t","protected":false},"excerpt":{"rendered":"<p>Exclusive Offers Book an appointment Exclusive Offers | Medical Aesthetics Saint-Sauveur Discover our medical aesthetics promotions in Saint-Sauveur, in the Laurentians, and take advantage of exclusive offers on our treatments and advanced technologies. At VK Derma, we prioritize a personalized approach, guided by a qualified team, to help you achieve natural, safe results tailored to [&hellip;]<\/p>\n","protected":false},"author":1,"featured_media":6339,"parent":0,"menu_order":0,"comment_status":"closed","ping_status":"closed","template":"","meta":{"footnotes":""},"class_list":["post-6353","page","type-page","status-publish","has-post-thumbnail","hentry"],"yoast_head":"<!-- This site is optimized with the Yoast SEO plugin v26.8 - https:\/\/yoast.com\/product\/yoast-seo-wordpress\/ -->\n<title>Exclusive Offers - VK Derma<\/title>\n<meta name=\"description\" content=\"Discover all our promotions for BLACK FRIDAY 2025. Exclusive offers that won&#039;t be coming back anytime soon! Make the most of it!\" \/>\n<meta name=\"robots\" content=\"index, follow, max-snippet:-1, max-image-preview:large, max-video-preview:-1\" \/>\n<link rel=\"canonical\" href=\"https:\/\/www.vkderma.ca\/en\/exclusive-offers\/\" \/>\n<meta property=\"og:locale\" content=\"en_US\" \/>\n<meta property=\"og:type\" content=\"article\" \/>\n<meta property=\"og:title\" content=\"Exclusive Offers - VK Derma\" \/>\n<meta property=\"og:description\" content=\"Discover all our promotions for BLACK FRIDAY 2025. Exclusive offers that won&#039;t be coming back anytime soon! Make the most of it!\" \/>\n<meta property=\"og:url\" content=\"https:\/\/www.vkderma.ca\/en\/exclusive-offers\/\" \/>\n<meta property=\"og:site_name\" content=\"VK Derma\" \/>\n<meta property=\"article:publisher\" content=\"https:\/\/www.facebook.com\/vkderma\" \/>\n<meta property=\"article:modified_time\" content=\"2026-04-09T22:19:13+00:00\" \/>\n<meta property=\"og:image\" content=\"https:\/\/www.vkderma.ca\/wp-content\/uploads\/2026\/04\/Promo-Remodelage-Corporel.jpg\" \/>\n\t<meta property=\"og:image:width\" content=\"1000\" \/>\n\t<meta property=\"og:image:height\" content=\"1000\" \/>\n\t<meta property=\"og:image:type\" content=\"image\/jpeg\" \/>\n<meta name=\"twitter:card\" content=\"summary_large_image\" \/>\n<meta name=\"twitter:label1\" content=\"Est. reading time\" \/>\n\t<meta name=\"twitter:data1\" content=\"2 minutes\" \/>\n<script type=\"application\/ld+json\" class=\"yoast-schema-graph\">{\"@context\":\"https:\/\/schema.org\",\"@graph\":[{\"@type\":\"WebPage\",\"@id\":\"https:\/\/www.vkderma.ca\/en\/exclusive-offers\/\",\"url\":\"https:\/\/www.vkderma.ca\/en\/exclusive-offers\/\",\"name\":\"Exclusive Offers - VK Derma\",\"isPartOf\":{\"@id\":\"https:\/\/www.vkderma.ca\/en\/#website\"},\"primaryImageOfPage\":{\"@id\":\"https:\/\/www.vkderma.ca\/en\/exclusive-offers\/#primaryimage\"},\"image\":{\"@id\":\"https:\/\/www.vkderma.ca\/en\/exclusive-offers\/#primaryimage\"},\"thumbnailUrl\":\"https:\/\/www.vkderma.ca\/wp-content\/uploads\/2026\/04\/Page-promotion_VK-DERMA.jpg\",\"datePublished\":\"2026-04-09T21:34:31+00:00\",\"dateModified\":\"2026-04-09T22:19:13+00:00\",\"description\":\"Discover all our promotions for BLACK FRIDAY 2025. Exclusive offers that won't be coming back anytime soon! Make the most of it!\",\"breadcrumb\":{\"@id\":\"https:\/\/www.vkderma.ca\/en\/exclusive-offers\/#breadcrumb\"},\"inLanguage\":\"en-US\",\"potentialAction\":[{\"@type\":\"ReadAction\",\"target\":[\"https:\/\/www.vkderma.ca\/en\/exclusive-offers\/\"]}]},{\"@type\":\"ImageObject\",\"inLanguage\":\"en-US\",\"@id\":\"https:\/\/www.vkderma.ca\/en\/exclusive-offers\/#primaryimage\",\"url\":\"https:\/\/www.vkderma.ca\/wp-content\/uploads\/2026\/04\/Page-promotion_VK-DERMA.jpg\",\"contentUrl\":\"https:\/\/www.vkderma.ca\/wp-content\/uploads\/2026\/04\/Page-promotion_VK-DERMA.jpg\",\"width\":1920,\"height\":1080},{\"@type\":\"BreadcrumbList\",\"@id\":\"https:\/\/www.vkderma.ca\/en\/exclusive-offers\/#breadcrumb\",\"itemListElement\":[{\"@type\":\"ListItem\",\"position\":1,\"name\":\"Accueil\",\"item\":\"https:\/\/www.vkderma.ca\/en\/\"},{\"@type\":\"ListItem\",\"position\":2,\"name\":\"Exclusive Offers\"}]},{\"@type\":\"WebSite\",\"@id\":\"https:\/\/www.vkderma.ca\/en\/#website\",\"url\":\"https:\/\/www.vkderma.ca\/en\/\",\"name\":\"VK Derma\",\"description\":\"Soins m\u00e9dico-esth\u00e9tiques avanc\u00e9s \u00e0 Piedmont, Laurentides.\",\"publisher\":{\"@id\":\"https:\/\/www.vkderma.ca\/en\/#organization\"},\"alternateName\":\"Clinique m\u00e9dico-esth\u00e9tique VK Derma\",\"potentialAction\":[{\"@type\":\"SearchAction\",\"target\":{\"@type\":\"EntryPoint\",\"urlTemplate\":\"https:\/\/www.vkderma.ca\/en\/?s={search_term_string}\"},\"query-input\":{\"@type\":\"PropertyValueSpecification\",\"valueRequired\":true,\"valueName\":\"search_term_string\"}}],\"inLanguage\":\"en-US\"},{\"@type\":\"Organization\",\"@id\":\"https:\/\/www.vkderma.ca\/en\/#organization\",\"name\":\"VK Derma\",\"alternateName\":\"Clinique m\u00e9dico-esth\u00e9tique VK Derma\",\"url\":\"https:\/\/www.vkderma.ca\/en\/\",\"logo\":{\"@type\":\"ImageObject\",\"inLanguage\":\"en-US\",\"@id\":\"https:\/\/www.vkderma.ca\/en\/#\/schema\/logo\/image\/\",\"url\":\"https:\/\/www.vkderma.ca\/wp-content\/uploads\/2025\/03\/VKDerma-Logos-Alternatifs-D-Vert.png\",\"contentUrl\":\"https:\/\/www.vkderma.ca\/wp-content\/uploads\/2025\/03\/VKDerma-Logos-Alternatifs-D-Vert.png\",\"width\":676,\"height\":601,\"caption\":\"VK Derma\"},\"image\":{\"@id\":\"https:\/\/www.vkderma.ca\/en\/#\/schema\/logo\/image\/\"},\"sameAs\":[\"https:\/\/www.facebook.com\/vkderma\",\"https:\/\/www.instagram.com\/vkderma\"]}]}<\/script>\n<!-- \/ Yoast SEO plugin. -->","yoast_head_json":{"title":"Exclusive Offers - VK Derma","description":"Discover all our promotions for BLACK FRIDAY 2025. Exclusive offers that won't be coming back anytime soon! Make the most of it!","robots":{"index":"index","follow":"follow","max-snippet":"max-snippet:-1","max-image-preview":"max-image-preview:large","max-video-preview":"max-video-preview:-1"},"canonical":"https:\/\/www.vkderma.ca\/en\/exclusive-offers\/","og_locale":"en_US","og_type":"article","og_title":"Exclusive Offers - VK Derma","og_description":"Discover all our promotions for BLACK FRIDAY 2025. Exclusive offers that won't be coming back anytime soon! Make the most of it!","og_url":"https:\/\/www.vkderma.ca\/en\/exclusive-offers\/","og_site_name":"VK Derma","article_publisher":"https:\/\/www.facebook.com\/vkderma","article_modified_time":"2026-04-09T22:19:13+00:00","og_image":[{"width":1000,"height":1000,"url":"https:\/\/www.vkderma.ca\/wp-content\/uploads\/2026\/04\/Promo-Remodelage-Corporel.jpg","type":"image\/jpeg"}],"twitter_card":"summary_large_image","twitter_misc":{"Est. reading time":"2 minutes"},"schema":{"@context":"https:\/\/schema.org","@graph":[{"@type":"WebPage","@id":"https:\/\/www.vkderma.ca\/en\/exclusive-offers\/","url":"https:\/\/www.vkderma.ca\/en\/exclusive-offers\/","name":"Exclusive Offers - VK Derma","isPartOf":{"@id":"https:\/\/www.vkderma.ca\/en\/#website"},"primaryImageOfPage":{"@id":"https:\/\/www.vkderma.ca\/en\/exclusive-offers\/#primaryimage"},"image":{"@id":"https:\/\/www.vkderma.ca\/en\/exclusive-offers\/#primaryimage"},"thumbnailUrl":"https:\/\/www.vkderma.ca\/wp-content\/uploads\/2026\/04\/Page-promotion_VK-DERMA.jpg","datePublished":"2026-04-09T21:34:31+00:00","dateModified":"2026-04-09T22:19:13+00:00","description":"Discover all our promotions for BLACK FRIDAY 2025. Exclusive offers that won't be coming back anytime soon! Make the most of it!","breadcrumb":{"@id":"https:\/\/www.vkderma.ca\/en\/exclusive-offers\/#breadcrumb"},"inLanguage":"en-US","potentialAction":[{"@type":"ReadAction","target":["https:\/\/www.vkderma.ca\/en\/exclusive-offers\/"]}]},{"@type":"ImageObject","inLanguage":"en-US","@id":"https:\/\/www.vkderma.ca\/en\/exclusive-offers\/#primaryimage","url":"https:\/\/www.vkderma.ca\/wp-content\/uploads\/2026\/04\/Page-promotion_VK-DERMA.jpg","contentUrl":"https:\/\/www.vkderma.ca\/wp-content\/uploads\/2026\/04\/Page-promotion_VK-DERMA.jpg","width":1920,"height":1080},{"@type":"BreadcrumbList","@id":"https:\/\/www.vkderma.ca\/en\/exclusive-offers\/#breadcrumb","itemListElement":[{"@type":"ListItem","position":1,"name":"Accueil","item":"https:\/\/www.vkderma.ca\/en\/"},{"@type":"ListItem","position":2,"name":"Exclusive Offers"}]},{"@type":"WebSite","@id":"https:\/\/www.vkderma.ca\/en\/#website","url":"https:\/\/www.vkderma.ca\/en\/","name":"VK Derma","description":"Soins m\u00e9dico-esth\u00e9tiques avanc\u00e9s \u00e0 Piedmont, Laurentides.","publisher":{"@id":"https:\/\/www.vkderma.ca\/en\/#organization"},"alternateName":"Clinique m\u00e9dico-esth\u00e9tique VK Derma","potentialAction":[{"@type":"SearchAction","target":{"@type":"EntryPoint","urlTemplate":"https:\/\/www.vkderma.ca\/en\/?s={search_term_string}"},"query-input":{"@type":"PropertyValueSpecification","valueRequired":true,"valueName":"search_term_string"}}],"inLanguage":"en-US"},{"@type":"Organization","@id":"https:\/\/www.vkderma.ca\/en\/#organization","name":"VK Derma","alternateName":"Clinique m\u00e9dico-esth\u00e9tique VK Derma","url":"https:\/\/www.vkderma.ca\/en\/","logo":{"@type":"ImageObject","inLanguage":"en-US","@id":"https:\/\/www.vkderma.ca\/en\/#\/schema\/logo\/image\/","url":"https:\/\/www.vkderma.ca\/wp-content\/uploads\/2025\/03\/VKDerma-Logos-Alternatifs-D-Vert.png","contentUrl":"https:\/\/www.vkderma.ca\/wp-content\/uploads\/2025\/03\/VKDerma-Logos-Alternatifs-D-Vert.png","width":676,"height":601,"caption":"VK Derma"},"image":{"@id":"https:\/\/www.vkderma.ca\/en\/#\/schema\/logo\/image\/"},"sameAs":["https:\/\/www.facebook.com\/vkderma","https:\/\/www.instagram.com\/vkderma"]}]}},"_links":{"self":[{"href":"https:\/\/www.vkderma.ca\/en\/wp-json\/wp\/v2\/pages\/6353","targetHints":{"allow":["GET"]}}],"collection":[{"href":"https:\/\/www.vkderma.ca\/en\/wp-json\/wp\/v2\/pages"}],"about":[{"href":"https:\/\/www.vkderma.ca\/en\/wp-json\/wp\/v2\/types\/page"}],"author":[{"embeddable":true,"href":"https:\/\/www.vkderma.ca\/en\/wp-json\/wp\/v2\/users\/1"}],"replies":[{"embeddable":true,"href":"https:\/\/www.vkderma.ca\/en\/wp-json\/wp\/v2\/comments?post=6353"}],"version-history":[{"count":1,"href":"https:\/\/www.vkderma.ca\/en\/wp-json\/wp\/v2\/pages\/6353\/revisions"}],"predecessor-version":[{"id":6354,"href":"https:\/\/www.vkderma.ca\/en\/wp-json\/wp\/v2\/pages\/6353\/revisions\/6354"}],"wp:featuredmedia":[{"embeddable":true,"href":"https:\/\/www.vkderma.ca\/en\/wp-json\/wp\/v2\/media\/6339"}],"wp:attachment":[{"href":"https:\/\/www.vkderma.ca\/en\/wp-json\/wp\/v2\/media?parent=6353"}],"curies":[{"name":"wp","href":"https:\/\/api.w.org\/{rel}","templated":true}]}}